{"id":1149,"date":"2018-05-25T22:54:09","date_gmt":"2018-05-25T20:54:09","guid":{"rendered":"https:\/\/www.tkelement.com\/?page_id=1149"},"modified":"2018-12-04T15:35:57","modified_gmt":"2018-12-04T14:35:57","slug":"ochrana-osobnych-udajov-gdpr","status":"publish","type":"page","link":"https:\/\/www.tkelement.com\/index.php\/ochrana-osobnych-udajov-gdpr\/","title":{"rendered":"Ochrana osobn\u00fdch \u00fadajov &#8211; GDPR"},"content":{"rendered":"<h1 style=\"text-align: center;\">Ochrana osobn\u00fdch \u00fadajov<\/h1>\n<p>&nbsp;<\/p>\n<p style=\"text-align: center;\"><strong>I.<\/strong><\/p>\n<p style=\"text-align: center;\"><strong>Tane\u010dn\u00fd klub ELEMENT, o.z.,<\/strong><\/p>\n<p style=\"text-align: center;\"><span style=\"font-weight: 400;\">Smrekov\u00e1 23, 97405 Bansk\u00e1 Bystrica<\/span><\/p>\n<p style=\"text-align: center;\"><span style=\"font-weight: 400;\">I\u010cO: 37898264<\/span><\/p>\n<ol>\n<li><span style=\"font-weight: 400;\"> \u00a0\u00a0\u00a0\u00a0\u00a0\u00a0<\/span><span style=\"font-weight: 400;\">Prev\u00e1dzkovate\u013e z\u00edskava osobn\u00e9 \u00fadaje prostredn\u00edctvom vyplnenia papierovej prihl\u00e1\u0161ky a tla\u010diva na zber potrebn\u00fdch \u00fadajov.<\/span><\/li>\n<\/ol>\n<p>&nbsp;<\/p>\n<p style=\"text-align: center;\"><strong>II.<\/strong><\/p>\n<p style=\"text-align: center;\"><strong>\u00da\u010del sprac\u00favania osobn\u00fdch \u00fadajov<\/strong><\/p>\n<ol>\n<li><span style=\"font-weight: 400;\"> \u00a0\u00a0\u00a0\u00a0\u00a0\u00a0<\/span><span style=\"font-weight: 400;\">\u00da\u010delom sprac\u00favania osobn\u00fdch \u00fadajov je potvrdenie z\u00e1ujmu o slu\u017ebu, a to prostredn\u00edctvom elektronickej po\u0161ty.<\/span><\/li>\n<li><span style=\"font-weight: 400;\"> \u00a0\u00a0\u00a0\u00a0\u00a0\u00a0<\/span><span style=\"font-weight: 400;\">\u00da\u010delom sprac\u00favania osobn\u00fdch \u00fadajov je evidencia \u010dlenov tane\u010dn\u00e9ho klubu.<\/span><\/li>\n<\/ol>\n<p>&nbsp;<\/p>\n<p style=\"text-align: center;\"><strong>III.<\/strong><\/p>\n<p style=\"text-align: center;\"><strong>Zoznam sprac\u00favan\u00fdch osobn\u00fdch \u00fadajov<\/strong><\/p>\n<ol>\n<li><span style=\"font-weight: 400;\"> \u00a0\u00a0\u00a0\u00a0\u00a0\u00a0<\/span><span style=\"font-weight: 400;\">\u00dadaje potrebn\u00e9 na vy\u0161\u0161ie uveden\u00e9 \u00fa\u010dely s\u00fa: meno, priezvisko, adresa (trval\u00fd pobyt, kontaktn\u00e1 adresa), telef\u00f3nne \u010d\u00edslo, e-mailov\u00e1 adresa, rodn\u00e9 \u010d\u00edslo, kontakt na rodi\u010da.<\/span><\/li>\n<\/ol>\n<p>&nbsp;<\/p>\n<p style=\"text-align: center;\"><strong>IV.<\/strong><\/p>\n<p style=\"text-align: center;\"><strong>Dobrovo\u013enos\u0165 poskytnutia osobn\u00fdch \u00fadajov<\/strong><\/p>\n<ol>\n<li><span style=\"font-weight: 400;\"> \u00a0\u00a0\u00a0\u00a0\u00a0\u00a0<\/span><span style=\"font-weight: 400;\">Prev\u00e1dzkovate\u013e z\u00edskava len tie osobn\u00e9 \u00fadaje klientov, ktor\u00e9 s\u00fa potrebn\u00e9 na splnenie z\u00e1v\u00e4zkov, ktor\u00e9 od neho klient z\u00e1ujmom o slu\u017ebu o\u010dak\u00e1va.<\/span><\/li>\n<li><span style=\"font-weight: 400;\"> \u00a0\u00a0\u00a0\u00a0\u00a0\u00a0<\/span><span style=\"font-weight: 400;\">Prev\u00e1dzkovate\u013e z\u00edskava osobn\u00e9 \u00fadaje od klientov v rozsahu potrebnom na splnenie povinnost\u00ed a z\u00e1kona \u010d. 18\/2018 Z. z. o ochrane osobn\u00fdch \u00fadajov.<\/span><\/li>\n<li><span style=\"font-weight: 400;\"> \u00a0\u00a0\u00a0\u00a0\u00a0\u00a0<\/span><span style=\"font-weight: 400;\">Klient poskytuje osobn\u00e9 \u00fadaje prev\u00e1dzkovate\u013eovi dobrovo\u013ene za \u00fa\u010delom splnenia jeho povinnost\u00ed vypl\u00fdvaj\u00facich z predzmluvn\u00fdch vz\u0165ahov a \u010fal\u0161ej komunik\u00e1cie. <\/span><\/li>\n<li><span style=\"font-weight: 400;\"> \u00a0\u00a0\u00a0\u00a0\u00a0\u00a0<\/span><span style=\"font-weight: 400;\">Prev\u00e1dzkovate\u013e sprac\u00fava osobn\u00e9 \u00fadaje dotknutej osoby len po dobu platn\u00e9ho \u010dlenstva v klube (za riadneho \u010dlena sa pova\u017euje tane\u010dn\u00edk, ktor\u00fd m\u00e1 uhraden\u00e9 kurzovn\u00e9 na dan\u00e9 obdobie).<\/span><\/li>\n<li><span style=\"font-weight: 400;\"> \u00a0\u00a0\u00a0\u00a0\u00a0\u00a0<\/span><span style=\"font-weight: 400;\">Niektor\u00e9 z poskytovan\u00fdch inform\u00e1ci\u00ed o pou\u017e\u00edvate\u013eovi, ako s\u00fa IP adresa, typ prehliada\u010da, typ opera\u010dn\u00e9ho syst\u00e9mu a pod. m\u00f4\u017eu by\u0165 automaticky z\u00edskan\u00e9, ak pou\u017e\u00edvate\u013e nav\u0161t\u00edvi na\u0161e webov\u00e9 str\u00e1nky. \u00dadaje poskytnut\u00e9 v s\u00favislosti s komunik\u00e1ciou medzi pou\u017e\u00edvate\u013eom a oper\u00e1torom cez on-line chat bud\u00fa v\u00fdhradne pou\u017eit\u00e9 k odpovediam na ot\u00e1zky zo strany pou\u017e\u00edvate\u013ea.<\/span><\/li>\n<\/ol>\n<p>&nbsp;<\/p>\n<p style=\"text-align: center;\"><strong>V.<\/strong><\/p>\n<p style=\"text-align: center;\"><strong>Zverejnenie \u00fadajov<\/strong><\/p>\n<ol>\n<li><span style=\"font-weight: 400;\"> \u00a0\u00a0\u00a0\u00a0\u00a0\u00a0<\/span><span style=\"font-weight: 400;\">Prev\u00e1dzkovate\u013e z\u00edskan\u00e9 osobn\u00e9 \u00fadaje klientov &#8211; fyzick\u00fdch a pr\u00e1vnick\u00fdch os\u00f4b zverej\u0148uje len v rozsahu po\u017eadovanom klientmi, a to len po dobu \u010dlenstva v tane\u010dnej \u0161kole.\u00a0<\/span>V\u0161etky poskytnut\u00e9 \u00fadaje sl\u00fa\u017eia v\u00fdlu\u010dne pre potreby Tane\u010dn\u00e9ho klubu Element. V pr\u00edpade, \u017ee bude prihlasova\u0165 klub \u010dlenov na s\u00fa\u0165a\u017ee pod z\u00e1\u0161titou STODIDO (sekcia discipl\u00edn ido a m\u00f3dnych tancov pri SZT\u0160) a SZMT (Slovensk\u00fd zv\u00e4z modern\u00fdch tancov), spracuje len nutn\u00e9 \u00fadaje pre tieto organiz\u00e1cie &#8211; meno, priezvisko, rodn\u00e9 \u010d\u00edslo pre zaradenie do pr\u00edslu\u0161nej vekovej kateg\u00f3rie a adresu trval\u00e9ho pobytu potrebn\u00fa pre overenie toto\u017enosti tane\u010dn\u00edka. Rovnako plat\u00ed, \u017ee klub poskytne \u00fadaje meno, priezvisko a d\u00e1tum narodenia tane\u010dn\u00edka v pr\u00edpade \u017eiadania o dot\u00e1ciu alebo grant.<\/li>\n<\/ol>\n<p>&nbsp;<\/p>\n<p style=\"text-align: center;\"><strong>VI.<\/strong><\/p>\n<p style=\"text-align: center;\"><strong>Podmienky sprac\u00favania<\/strong><\/p>\n<ol>\n<li><span style=\"font-weight: 400;\"> \u00a0\u00a0\u00a0\u00a0\u00a0\u00a0<\/span><span style=\"font-weight: 400;\">Prev\u00e1dzkovate\u013e prijal primeran\u00e9 technick\u00e9, organiza\u010dn\u00e9 a person\u00e1lne opatrenia zodpovedaj\u00face sp\u00f4sobu sprac\u00favania osobn\u00fdch \u00fadajov, pri\u010dom zobral do \u00favahy najm\u00e4 pou\u017eite\u013en\u00e9 technick\u00e9 prostriedky, d\u00f4vernos\u0165 a d\u00f4le\u017eitos\u0165 sprac\u00favan\u00fdch osobn\u00fdch \u00fadajov, ako aj rozsah mo\u017en\u00fdch riz\u00edk, ktor\u00e9 s\u00fa sp\u00f4sobil\u00e9 naru\u0161i\u0165 bezpe\u010dnos\u0165, alebo funk\u010dnos\u0165 jeho informa\u010dn\u00fdch syst\u00e9mov.<\/span><\/li>\n<li><span style=\"font-weight: 400;\"> \u00a0\u00a0\u00a0\u00a0\u00a0\u00a0<\/span><span style=\"font-weight: 400;\">Prev\u00e1dzkovate\u013e sa zav\u00e4zuje, \u017ee bude s osobn\u00fdmi \u00fadajmi dotknutej osoby zaobch\u00e1dza\u0165 a naklada\u0165 v s\u00falade s platn\u00fdmi pr\u00e1vnymi predpismi SR.<\/span><\/li>\n<li><span style=\"font-weight: 400;\"> \u00a0\u00a0\u00a0\u00a0\u00a0\u00a0<\/span><span style=\"font-weight: 400;\">Prev\u00e1dzkovate\u013e sprac\u00fava osobn\u00e9 \u00fadaje klienta len po dobu nevyhnutn\u00fa na splnenie si svojich povinnost\u00ed vypl\u00fdvaj\u00facich zo zmluvy a zo v\u0161eobecne z\u00e1v\u00e4zn\u00fdch pr\u00e1vnych predpisov. Prev\u00e1dzkovate\u013e po splnen\u00ed \u00fa\u010delu sprac\u00favania zabezpe\u010d\u00ed bezodkladne likvid\u00e1ciu osobn\u00fdch \u00fadajov klienta v s\u00falade so z\u00e1konom \u010d. 18\/2018 Z. z. o ochrane osobn\u00fdch \u00fadajov. S\u00fahlas so spracovan\u00edm osobn\u00fdch \u00fadajov m\u00f4\u017ee klient odvola\u0165 kedyko\u013evek p\u00edsomnou formou. S\u00fahlas zanikne v lehote 1 mesiaca od doru\u010denia odvolania s\u00fahlasu klienta prev\u00e1dzkovate\u013eovi a \u00fadaje bud\u00fa n\u00e1sledne vymazan\u00e9.<\/span><\/li>\n<li><span style=\"font-weight: 400;\"> \u00a0\u00a0\u00a0\u00a0\u00a0\u00a0<\/span><span style=\"font-weight: 400;\">Prev\u00e1dzkovate\u013e nespr\u00edstup\u0148uje takto z\u00edskan\u00e9 osobn\u00e9 \u00fadaje \u017eiadnej tretej osobe.<\/span><\/li>\n<li><span style=\"font-weight: 400;\"> \u00a0\u00a0\u00a0\u00a0\u00a0\u00a0<\/span><span style=\"font-weight: 400;\">Prev\u00e1dzkovate\u013e m\u00f4\u017ee sprac\u00fava\u0165 osobn\u00e9 \u00fadaje dotknut\u00fdch os\u00f4b na marketingov\u00e9 \u00fa\u010dely. Na tento \u00fa\u010del sprac\u00fava osobn\u00e9 \u00fadaje len v rozsahu \u2013 \u201ee-mailov\u00e1 adresa\u201c a to vo svojej internej datab\u00e1ze. <\/span><\/li>\n<li><span style=\"font-weight: 400;\"> \u00a0\u00a0\u00a0\u00a0\u00a0\u00a0<\/span><span style=\"font-weight: 400;\">Dotknut\u00e1 osoba m\u00f4\u017ee s\u00fahlas u prev\u00e1dzkovate\u013ea kedyko\u013evek odvola\u0165 zaslan\u00edm \u017eiadosti na adresu s\u00eddla prev\u00e1dzkovate\u013ea, alebo na emailov\u00fa adresu prev\u00e1dzkovate\u013ea.<\/span><\/li>\n<\/ol>\n<p>&nbsp;<\/p>\n<p style=\"text-align: center;\"><strong>VII.<\/strong><\/p>\n<p style=\"text-align: center;\"><strong>Pr\u00e1va a povinnosti dotknutej osoby<\/strong><\/p>\n<ol>\n<li><span style=\"font-weight: 400;\"> \u00a0\u00a0\u00a0\u00a0\u00a0\u00a0<\/span><span style=\"font-weight: 400;\">Klient prev\u00e1dzkovate\u013ea, ako dotknut\u00e1 osoba je povinn\u00fd uvies\u0165 \u00fapln\u00e9 a pravdiv\u00e9 \u00fadaje.<\/span><\/li>\n<li><span style=\"font-weight: 400;\"> \u00a0\u00a0\u00a0\u00a0\u00a0\u00a0<\/span><span style=\"font-weight: 400;\">Dotknut\u00e1 osoba si m\u00f4\u017ee uplatni\u0165 svoje pr\u00e1va vypl\u00fdvaj\u00face zo z\u00e1kona \u010d. 18\/2018 Z. z. o ochrane osobn\u00fdch \u00fadajov, e-mailom, alebo p\u00edsomne na mailovej adrese prev\u00e1dzkovate\u013ea.<\/span><\/li>\n<\/ol>\n<p>&nbsp;<\/p>\n<p style=\"text-align: center;\"><strong>VIII.<\/strong><\/p>\n<p style=\"text-align: center;\"><strong>Pou\u010denie o pr\u00e1vach dotknutej osoby<\/strong><\/p>\n<ol>\n<li><span style=\"font-weight: 400;\"> \u00a0\u00a0\u00a0\u00a0\u00a0\u00a0<\/span><span style=\"font-weight: 400;\">Dotknut\u00e1 osoba m\u00e1 pr\u00e1vo na z\u00e1klade p\u00edsomnej \u017eiadosti od prev\u00e1dzkovate\u013ea vy\u017eadova\u0165<\/span>\n<ul>\n<li><span style=\"font-weight: 400;\">a) potvrdenie, \u010di s\u00fa alebo nie s\u00fa osobn\u00e9 \u00fadaje o nej sprac\u00favan\u00e9,<\/span><\/li>\n<li><span style=\"font-weight: 400;\">b) vo v\u0161eobecne zrozumite\u013enej forme inform\u00e1cie o sprac\u00favan\u00ed osobn\u00fdch \u00fadajov v informa\u010dnom syst\u00e9me<\/span><\/li>\n<li>c) vo v\u0161eobecne zrozumite\u013enej forme presn\u00e9 inform\u00e1cie o zdroji, z ktor\u00e9ho z\u00edskal jej osobn\u00e9 \u00fadaje na sprac\u00favanie<\/li>\n<li><span style=\"font-weight: 400;\">d) vo v\u0161eobecne zrozumite\u013enej forme zoznam jej osobn\u00fdch \u00fadajov, ktor\u00e9 s\u00fa predmetom sprac\u00favania<\/span><\/li>\n<li><span style=\"font-weight: 400;\">e) opravu alebo likvid\u00e1ciu svojich nespr\u00e1vnych, ne\u00fapln\u00fdch alebo neaktu\u00e1lnych osobn\u00fdch \u00fadajov, ktor\u00e9 s\u00fa predmetom sprac\u00favania<\/span><\/li>\n<li><span style=\"font-weight: 400;\">f) likvid\u00e1ciu jej osobn\u00fdch \u00fadajov, ktor\u00fdch \u00fa\u010del sprac\u00favania sa skon\u010dil<\/span><\/li>\n<li>g) likvid\u00e1ciu jej osobn\u00fdch \u00fadajov, ktor\u00e9 s\u00fa predmetom sprac\u00favania, ak do\u0161lo k poru\u0161eniu z\u00e1kona,<\/li>\n<li><span style=\"font-weight: 400;\">h) blokovanie jej osobn\u00fdch \u00fadajov z d\u00f4vodu odvolania s\u00fahlasu pred uplynut\u00edm \u010dasu jeho platnosti, ak prev\u00e1dzkovate\u013e sprac\u00fava osobn\u00e9 \u00fadaje na z\u00e1klade s\u00fahlasu dotknutej osoby.<\/span><\/li>\n<\/ul>\n<\/li>\n<li><span style=\"font-weight: 400;\"> \u00a0\u00a0\u00a0\u00a0\u00a0\u00a0<\/span><span style=\"font-weight: 400;\">Pr\u00e1vo dotknutej osoby mo\u017eno obmedzi\u0165, len ak tak\u00e9to obmedzenie vypl\u00fdva z osobitn\u00e9ho z\u00e1kona, alebo jeho uplatnen\u00edm by bola poru\u0161en\u00e1 ochrana dotknutej osoby, alebo by boli poru\u0161en\u00e9 pr\u00e1va a slobody in\u00fdch os\u00f4b.<\/span><\/li>\n<li><span style=\"font-weight: 400;\"> \u00a0\u00a0\u00a0\u00a0\u00a0\u00a0<\/span><span style=\"font-weight: 400;\">Dotknut\u00e1 osoba na z\u00e1klade p\u00edsomnej \u017eiadosti m\u00e1 pr\u00e1vo u prev\u00e1dzkovate\u013ea namieta\u0165 vo\u010di :<\/span>\n<ul>\n<li><span style=\"font-weight: 400;\">a) sprac\u00favaniu jej osobn\u00fdch \u00fadajov, o ktor\u00fdch predpoklad\u00e1, \u017ee s\u00fa, alebo bud\u00fa sprac\u00favan\u00e9 na \u00fa\u010dely priameho marketingu bez jej s\u00fahlasu, a \u017eiada\u0165 ich likvid\u00e1ciu,<\/span><\/li>\n<li><span style=\"font-weight: 400;\">b) vyu\u017e\u00edvaniu osobn\u00fdch \u00fadajov na \u00fa\u010dely priameho marketingu v po\u0161tovom styku<\/span><\/li>\n<li><span style=\"font-weight: 400;\">c) poskytovaniu osobn\u00fdch \u00fadajov na \u00fa\u010dely priameho marketingu tret\u00edm osob\u00e1m<\/span><\/li>\n<\/ul>\n<\/li>\n<li><span style=\"font-weight: 400;\"> \u00a0\u00a0\u00a0\u00a0\u00a0\u00a0<\/span><span style=\"font-weight: 400;\">Dotknut\u00e1 osoba na z\u00e1klade p\u00edsomnej \u017eiadosti m\u00e1 pr\u00e1vo u prev\u00e1dzkovate\u013ea kedyko\u013evek namieta\u0165 a nepodrobi\u0165 sa rozhodnutiu prev\u00e1dzkovate\u013ea, ktor\u00e9 by malo pre \u0148u pr\u00e1vne \u00fa\u010dinky alebo v\u00fdznamn\u00fd dosah, ak sa tak\u00e9 rozhodnutie vyd\u00e1 v\u00fdlu\u010dne na z\u00e1klade \u00fakonov automatizovan\u00e9ho sprac\u00favania jej osobn\u00fdch \u00fadajov.<\/span>\n<ul>\n<li><span style=\"font-weight: 400;\">a) Ak dotknut\u00e1 osoba uplatn\u00ed svoje pr\u00e1vo p\u00edsomne a z obsahu jej \u017eiadosti vypl\u00fdva, \u017ee uplat\u0148uje svoje pr\u00e1vo, \u017eiados\u0165 sa pova\u017euje za podan\u00fa pod\u013ea tohto z\u00e1kona p\u00edsomne, alebo elektronickou po\u0161tou najnesk\u00f4r do troch dn\u00ed odo d\u0148a jej doru\u010denia<\/span><\/li>\n<li><span style=\"font-weight: 400;\">b) Ak dotknut\u00e1 osoba nem\u00e1 sp\u00f4sobilos\u0165 na pr\u00e1vne \u00fakony v plnom rozsahu, jej pr\u00e1va m\u00f4\u017ee uplatni\u0165 z\u00e1konn\u00fd z\u00e1stupca.<\/span><\/li>\n<\/ul>\n<\/li>\n<li><span style=\"font-weight: 400;\"> \u00a0\u00a0\u00a0\u00a0\u00a0\u00a0<\/span><span style=\"font-weight: 400;\">\u017diados\u0165 dotknutej osoby pod\u013ea z\u00e1kona \u010d. 18\/2018 Z. z. o ochrane osobn\u00fdch \u00fadajov vybav\u00ed prev\u00e1dzkovate\u013e bezplatne, okrem \u00fahrady vo v\u00fd\u0161ke, ktor\u00e1 nem\u00f4\u017ee prekro\u010di\u0165 v\u00fd\u0161ku \u00fa\u010delne vynalo\u017een\u00fdch vecn\u00fdch n\u00e1kladov spojen\u00fdch so zhotoven\u00edm k\u00f3pi\u00ed, so zadov\u00e1\u017een\u00edm technick\u00fdch nosi\u010dov a s odoslan\u00edm inform\u00e1cie dotknutej osobe, ak osobitn\u00fd z\u00e1kon neustanovuje inak.<\/span><\/li>\n<li><span style=\"font-weight: 400;\"> \u00a0\u00a0\u00a0\u00a0\u00a0\u00a0<\/span><span style=\"font-weight: 400;\">Obmedzenie pr\u00e1v dotknutej osoby z\u00e1kona \u010d. 18\/2018 Z. z. o ochrane osobn\u00fdch \u00fadajov prev\u00e1dzkovate\u013e bez zbyto\u010dn\u00e9ho odkladu p\u00edsomne ozn\u00e1mi dotknutej osobe.<\/span><\/li>\n<\/ol>\n<p>&nbsp;<\/p>\n<p style=\"text-align: center;\"><strong>IX.<\/strong><\/p>\n<p style=\"text-align: center;\"><strong>Prehl\u00e1senie<\/strong><\/p>\n<ol>\n<li><span style=\"font-weight: 400;\"> \u00a0\u00a0\u00a0\u00a0\u00a0\u00a0<\/span><span style=\"font-weight: 400;\">Tane\u010dn\u00fd klub Element vyu\u017e\u00edva najmodernej\u0161ie technol\u00f3gie na zabezpe\u010denie a ochranu osobn\u00fdch \u00fadajov.<\/span><\/li>\n<li><span style=\"font-weight: 400;\"> \u00a0\u00a0\u00a0\u00a0\u00a0\u00a0<\/span><span style=\"font-weight: 400;\">Z\u00e1sady spracovania osobn\u00fdch \u00fadajov nadob\u00fadaj\u00fa platnos\u0165 25.5.2018.<\/span><\/li>\n<\/ol>\n<p>&nbsp;<\/p>\n","protected":false},"excerpt":{"rendered":"<p>Ochrana osobn\u00fdch \u00fadajov &nbsp; I. Tane\u010dn\u00fd klub ELEMENT, o.z., Smrekov\u00e1 23, 97405 Bansk\u00e1 Bystrica I\u010cO: 37898264 \u00a0\u00a0\u00a0\u00a0\u00a0\u00a0Prev\u00e1dzkovate\u013e z\u00edskava osobn\u00e9 \u00fadaje prostredn\u00edctvom vyplnenia papierovej prihl\u00e1\u0161ky a tla\u010diva na zber potrebn\u00fdch \u00fadajov. &nbsp; II. \u00da\u010del sprac\u00favania osobn\u00fdch \u00fadajov \u00a0\u00a0\u00a0\u00a0\u00a0\u00a0\u00da\u010delom sprac\u00favania osobn\u00fdch \u00fadajov je potvrdenie z\u00e1ujmu o slu\u017ebu, a to prostredn\u00edctvom elektronickej po\u0161ty. \u00a0\u00a0\u00a0\u00a0\u00a0\u00a0\u00da\u010delom sprac\u00favania osobn\u00fdch \u00fadajov je&hellip;<\/p>\n<p><a href=\"https:\/\/www.tkelement.com\/index.php\/ochrana-osobnych-udajov-gdpr\/\" class=\"read-more-link\">Read More &rarr;<\/a><\/p>\n","protected":false},"author":1,"featured_media":0,"parent":0,"menu_order":0,"comment_status":"closed","ping_status":"closed","template":"","meta":{"footnotes":""},"class_list":["post-1149","page","type-page","status-publish","hentry"],"_links":{"self":[{"href":"https:\/\/www.tkelement.com\/index.php\/wp-json\/wp\/v2\/pages\/1149","targetHints":{"allow":["GET"]}}],"collection":[{"href":"https:\/\/www.tkelement.com\/index.php\/wp-json\/wp\/v2\/pages"}],"about":[{"href":"https:\/\/www.tkelement.com\/index.php\/wp-json\/wp\/v2\/types\/page"}],"author":[{"embeddable":true,"href":"https:\/\/www.tkelement.com\/index.php\/wp-json\/wp\/v2\/users\/1"}],"replies":[{"embeddable":true,"href":"https:\/\/www.tkelement.com\/index.php\/wp-json\/wp\/v2\/comments?post=1149"}],"version-history":[{"count":0,"href":"https:\/\/www.tkelement.com\/index.php\/wp-json\/wp\/v2\/pages\/1149\/revisions"}],"wp:attachment":[{"href":"https:\/\/www.tkelement.com\/index.php\/wp-json\/wp\/v2\/media?parent=1149"}],"curies":[{"name":"wp","href":"https:\/\/api.w.org\/{rel}","templated":true}]}}